{"id":74,"date":"2019-02-06T11:31:36","date_gmt":"2019-02-06T10:31:36","guid":{"rendered":"http:\/\/derbydesvallonsdupra.fr\/?page_id=74"},"modified":"2022-02-01T11:10:36","modified_gmt":"2022-02-01T10:10:36","slug":"programme","status":"publish","type":"page","link":"https:\/\/derbydesvallonsdupra.fr\/index.php\/programme\/","title":{"rendered":"Programme"},"content":{"rendered":"\n<figure class=\"wp-block-image\"><img fetchpriority=\"high\" decoding=\"async\" width=\"909\" height=\"605\" src=\"https:\/\/derbydesvallonsdupra.fr\/wp-content\/uploads\/2019\/02\/gallery_5104_2436_33190.jpg\" alt=\"\" class=\"wp-image-235\" srcset=\"https:\/\/derbydesvallonsdupra.fr\/wp-content\/uploads\/2019\/02\/gallery_5104_2436_33190.jpg 909w, https:\/\/derbydesvallonsdupra.fr\/wp-content\/uploads\/2019\/02\/gallery_5104_2436_33190-300x200.jpg 300w, https:\/\/derbydesvallonsdupra.fr\/wp-content\/uploads\/2019\/02\/gallery_5104_2436_33190-768x511.jpg 768w\" sizes=\"(max-width: 909px) 100vw, 909px\" \/><\/figure>\n\n\n\n<p class=\"has-vivid-red-color has-text-color\"><strong>Attention le retrait des dossards, les podiums, les animations et la soir\u00e9e sont versant Le Pleynet.<\/strong> <br><\/p>\n\n\n\n<p><strong>Organisation de la journ\u00e9e<\/strong> :<\/p>\n\n\n\n<p><\/p>\n\n\n\n<p>La journ\u00e9e se d\u00e9roulera en 5 \u00e9tapes : <\/p>\n\n\n\n<p><strong>1\u00e8re \u00e9tape<\/strong> 7h30\/9h00<\/p>\n\n\n\n<p><\/p>\n\n\n\n<p>Remise des dossards dans la salle polyvalente du Pleynet, de la puce de chronom\u00e9trage avec petite collation du matin ( caf\u00e9 croissant jus d&rsquo;orange..). <\/p>\n\n\n\n<p><\/p>\n\n\n\n<p><strong>2\u00e8me \u00e9tape<\/strong> 9h00\/11h00 <\/p>\n\n\n\n<p><\/p>\n\n\n\n<p>Reconnaissance du parcours obligatoire<\/p>\n\n\n\n<p><strong><br>3\u00e8me \u00e9tape<\/strong> 12h00\/ 14h30 <\/p>\n\n\n\n<p><\/p>\n\n\n\n<p>Course avec une flexibilit\u00e9 horaire du aux conditions m\u00e9t\u00e9o et nivologiques ( <a href=\"https:\/\/derbydesvallonsdupra.fr\/index.php\/reglement\/\" target=\"_blank\" rel=\"noreferrer noopener\">voir le r\u00e8glement du derby<\/a>)<\/p>\n\n\n\n<p><\/p>\n\n\n\n<p><strong>.4\u00e8me \u00e9tape<\/strong> 16h30\/18h00<\/p>\n\n\n\n<p><\/p>\n\n\n\n<p>Podium et remise des r\u00e9compenses a la salle polyvalente du Pleynet ou en front de neige<\/p>\n\n\n\n<p> <\/p>\n\n\n\n<p><strong>5\u00e8me \u00e9tape<\/strong>  21h30 <\/p>\n\n\n\n<p><a rel=\"noreferrer noopener\" aria-label=\" (s\u2019ouvre dans un nouvel onglet)\" href=\"https:\/\/derbydesvallonsdupra.fr\/index.php\/festivites\/\" target=\"_blank\"><strong>Soir\u00e9e du derby<\/strong><\/a><strong> \u00e0 la salle polyvalente du Pleynet.<\/strong><\/p>\n\n\n\n<p class=\"has-vivid-red-color has-text-color\"><strong>Attention il n&rsquo; y a pas de distributeur de billets au Pleynet <\/strong><\/p>\n\n\n\n<p>Pour le repas du soir avant la soir\u00e9e du derby et apr\u00e8s les podiums nous vous proposons de manger dans <a rel=\"noreferrer noopener\" aria-label=\" (s\u2019ouvre dans un nouvel onglet)\" href=\"https:\/\/derbydesvallonsdupra.fr\/index.php\/restaurant\/\" target=\"_blank\">un des restaurants du Pleynet <\/a> <\/p>\n\n\n\n<p>Pour ceux qui viennent de loin ou qui veulent <a href=\"https:\/\/derbydesvallonsdupra.fr\/index.php\/dormir\/\" target=\"_blank\" rel=\"noreferrer noopener\" aria-label=\" (s\u2019ouvre dans un nouvel onglet)\">dormir sur place<\/a> c&rsquo;est \u00e9galement possible<\/p>\n","protected":false},"excerpt":{"rendered":"<p>Attention le retrait des dossards, les podiums, les animations et la soir\u00e9e sont versant Le Pleynet. Organisation de la journ\u00e9e : La journ\u00e9e se d\u00e9roulera en 5 \u00e9tapes : 1\u00e8re \u00e9tape 7h30\/9h00 Remise des dossards dans la salle polyvalente du Pleynet, de la puce de chronom\u00e9trage avec petite collation du matin ( caf\u00e9 croissant jus&hellip; <br \/> <a class=\"read-more\" href=\"https:\/\/derbydesvallonsdupra.fr\/index.php\/programme\/\">Lire la suite<\/a><\/p>\n","protected":false},"author":1,"featured_media":0,"parent":0,"menu_order":0,"comment_status":"closed","ping_status":"closed","template":"","meta":{"footnotes":""},"class_list":["post-74","page","type-page","status-publish","hentry"],"_links":{"self":[{"href":"https:\/\/derbydesvallonsdupra.fr\/index.php\/wp-json\/wp\/v2\/pages\/74","targetHints":{"allow":["GET"]}}],"collection":[{"href":"https:\/\/derbydesvallonsdupra.fr\/index.php\/wp-json\/wp\/v2\/pages"}],"about":[{"href":"https:\/\/derbydesvallonsdupra.fr\/index.php\/wp-json\/wp\/v2\/types\/page"}],"author":[{"embeddable":true,"href":"https:\/\/derbydesvallonsdupra.fr\/index.php\/wp-json\/wp\/v2\/users\/1"}],"replies":[{"embeddable":true,"href":"https:\/\/derbydesvallonsdupra.fr\/index.php\/wp-json\/wp\/v2\/comments?post=74"}],"version-history":[{"count":21,"href":"https:\/\/derbydesvallonsdupra.fr\/index.php\/wp-json\/wp\/v2\/pages\/74\/revisions"}],"predecessor-version":[{"id":849,"href":"https:\/\/derbydesvallonsdupra.fr\/index.php\/wp-json\/wp\/v2\/pages\/74\/revisions\/849"}],"wp:attachment":[{"href":"https:\/\/derbydesvallonsdupra.fr\/index.php\/wp-json\/wp\/v2\/media?parent=74"}],"curies":[{"name":"wp","href":"https:\/\/api.w.org\/{rel}","templated":true}]}}