{"id":72,"date":"2019-02-06T11:31:36","date_gmt":"2019-02-06T10:31:36","guid":{"rendered":"http:\/\/derbydesvallonsdupra.fr\/?page_id=72"},"modified":"2026-03-04T15:14:45","modified_gmt":"2026-03-04T14:14:45","slug":"presentation","status":"publish","type":"page","link":"https:\/\/derbydesvallonsdupra.fr\/index.php\/presentation\/","title":{"rendered":"Pr\u00e9sentation"},"content":{"rendered":"<div class=\"wp-block-image is-resized\">\n<figure class=\"aligncenter size-large\"><img fetchpriority=\"high\" decoding=\"async\" width=\"919\" height=\"94\" src=\"https:\/\/derbydesvallonsdupra.fr\/wp-content\/uploads\/2019\/12\/derap-e1575988649375.jpg\" alt=\"\" class=\"wp-image-525\" srcset=\"https:\/\/derbydesvallonsdupra.fr\/wp-content\/uploads\/2019\/12\/derap-e1575988649375.jpg 919w, https:\/\/derbydesvallonsdupra.fr\/wp-content\/uploads\/2019\/12\/derap-e1575988649375-300x31.jpg 300w, https:\/\/derbydesvallonsdupra.fr\/wp-content\/uploads\/2019\/12\/derap-e1575988649375-768x79.jpg 768w\" sizes=\"(max-width: 919px) 100vw, 919px\" \/><\/figure>\n<\/div>\n\n\n<p class=\"has-very-dark-gray-color has-text-color\">Nous organisons sur le domaine de la <a rel=\"noreferrer noopener\" aria-label=\"station des 7 Laux (s\u2019ouvre dans un nouvel onglet)\" href=\"http:\/\/www.les7laux.com\/fr\/index.aspx\" target=\"_blank\"><strong>station des 7 Laux<\/strong><\/a>,  <strong>Le Derby des Vallons du Pra<\/strong>, course de ski. La piste des vallons du Pra est situ\u00e9e sur le domaine skiable, balis\u00e9e mais non dam\u00e9e avec un d\u00e9nivel\u00e9 de pr\u00e8s de 1000 m\u00e8tres, dans un environnement  exceptionnel sans remont\u00e9e m\u00e9canique, tr\u00e8s pris\u00e9e par les freerideurs (locaux, grenoblois et chamb\u00e9riens). La course fait partie du <a href=\"http:\/\/www.tropheedesderbys.com\/\" target=\"_blank\" rel=\"noreferrer noopener\">troph\u00e9e des derbys<\/a>.<\/p>\n\n\n<div class=\"wp-block-image is-resized\">\n<figure class=\"aligncenter size-large\"><a href=\"http:\/\/www.tropheedesderbys.com\/\" target=\"_blank\" rel=\"noopener\"><img decoding=\"async\" width=\"1024\" height=\"194\" src=\"https:\/\/derbydesvallonsdupra.fr\/wp-content\/uploads\/2021\/12\/7153_8613-1-1024x194.jpg\" alt=\"\" class=\"wp-image-791\" srcset=\"https:\/\/derbydesvallonsdupra.fr\/wp-content\/uploads\/2021\/12\/7153_8613-1-1024x194.jpg 1024w, https:\/\/derbydesvallonsdupra.fr\/wp-content\/uploads\/2021\/12\/7153_8613-1-300x57.jpg 300w, https:\/\/derbydesvallonsdupra.fr\/wp-content\/uploads\/2021\/12\/7153_8613-1-768x145.jpg 768w, https:\/\/derbydesvallonsdupra.fr\/wp-content\/uploads\/2021\/12\/7153_8613-1.jpg 1136w\" sizes=\"(max-width: 1024px) 100vw, 1024px\" \/><\/a><\/figure>\n<\/div>\n\n<div class=\"wp-block-image is-resized\">\n<figure class=\"aligncenter size-large\"><img decoding=\"async\" width=\"1024\" height=\"768\" src=\"https:\/\/derbydesvallonsdupra.fr\/wp-content\/uploads\/2023\/12\/2-Derby-du-Pra-TDD-11-1024x768.jpg\" alt=\"\" class=\"wp-image-1350\" srcset=\"https:\/\/derbydesvallonsdupra.fr\/wp-content\/uploads\/2023\/12\/2-Derby-du-Pra-TDD-11-1024x768.jpg 1024w, https:\/\/derbydesvallonsdupra.fr\/wp-content\/uploads\/2023\/12\/2-Derby-du-Pra-TDD-11-300x225.jpg 300w, https:\/\/derbydesvallonsdupra.fr\/wp-content\/uploads\/2023\/12\/2-Derby-du-Pra-TDD-11-768x576.jpg 768w, https:\/\/derbydesvallonsdupra.fr\/wp-content\/uploads\/2023\/12\/2-Derby-du-Pra-TDD-11-1536x1152.jpg 1536w, https:\/\/derbydesvallonsdupra.fr\/wp-content\/uploads\/2023\/12\/2-Derby-du-Pra-TDD-11-2048x1536.jpg 2048w, https:\/\/derbydesvallonsdupra.fr\/wp-content\/uploads\/2023\/12\/2-Derby-du-Pra-TDD-11-1440x1080.jpg 1440w\" sizes=\"(max-width: 1024px) 100vw, 1024px\" \/><\/figure>\n<\/div>\n\n\n<p class=\"has-vivid-red-color has-text-color\">Attention le derby se d\u00e9roule sur le domaine skiable des 7 Laux mais le retrait des dossards, les animations, le podium et remise des lots, et la soir\u00e9e du derby ont lieu versant Pleynet .  <\/p>\n\n\n\n<p>Le derby part dans les vallons du pra ( 1\u00e9re entr\u00e9e) sommet Gypa\u00e8te (2360m) pour arriver front de neige du Pleynet (1450m) au niveau du tapis d\u00e9butant. (<a href=\"https:\/\/derbydesvallonsdupra.fr\/index.php\/reglement\/\" target=\"_blank\" rel=\"noreferrer noopener\" aria-label=\" (s\u2019ouvre dans un nouvel onglet)\">voir R\u00e8glement<\/a> )<\/p>\n\n\n\n<p>En cas de mauvais temps ou de risque d&rsquo;avalanche, un parcours de repli a \u00e9galement \u00e9t\u00e9 retenu permettant d\u2019\u00e9viter de reporter ou annuler l\u2019\u00e9v\u00e9nement. <\/p>\n\n\n\n<p>Il y a 3 cat\u00e9gories  : homme, femme, junior, pour chaque type de glisse. <\/p>\n\n\n\n<p>Un classement sera effectu\u00e9 pour chaque categorie ainsi qu&rsquo; un classement \u00ab\u00a0senior\u00a0\u00bb femme et homme (scratch plus de 50 ans).<\/p>\n\n\n\n<p>Les types de glisse: le ski, le snowboard, le t\u00e9l\u00e9mark, l&rsquo;handiski, le snowscoot ainsi que le monoski ( la station des 7 Laux est d\u00e9j\u00e0 le lieu du <a rel=\"noreferrer noopener\" aria-label=\" (s\u2019ouvre dans un nouvel onglet)\" href=\"https:\/\/monoski-france.com\/\" target=\"_blank\">mondial du monoski<\/a>).<\/p>\n\n\n\n<p><\/p>\n\n\n\n<p><\/p>\n\n\n\n<div class=\"wp-block-media-text alignwide is-stacked-on-mobile\" style=\"grid-template-columns:20% auto\"><figure class=\"wp-block-media-text__media\"><img loading=\"lazy\" decoding=\"async\" width=\"576\" height=\"1024\" src=\"https:\/\/derbydesvallonsdupra.fr\/wp-content\/uploads\/2019\/12\/troph\u00e9e2-576x1024.jpg\" alt=\"\" class=\"wp-image-529 size-full\" srcset=\"https:\/\/derbydesvallonsdupra.fr\/wp-content\/uploads\/2019\/12\/troph\u00e9e2-576x1024.jpg 576w, https:\/\/derbydesvallonsdupra.fr\/wp-content\/uploads\/2019\/12\/troph\u00e9e2-169x300.jpg 169w, https:\/\/derbydesvallonsdupra.fr\/wp-content\/uploads\/2019\/12\/troph\u00e9e2-768x1365.jpg 768w, https:\/\/derbydesvallonsdupra.fr\/wp-content\/uploads\/2019\/12\/troph\u00e9e2-864x1536.jpg 864w, https:\/\/derbydesvallonsdupra.fr\/wp-content\/uploads\/2019\/12\/troph\u00e9e2-608x1080.jpg 608w, https:\/\/derbydesvallonsdupra.fr\/wp-content\/uploads\/2019\/12\/troph\u00e9e2.jpg 1000w\" sizes=\"(max-width: 576px) 100vw, 576px\" \/><\/figure><div class=\"wp-block-media-text__content\">\n<p class=\"has-text-align-center\">  La course sera suivie d&rsquo; un podium et d&rsquo;une remise de lots puis de la <a href=\"https:\/\/derbydesvallonsdupra.fr\/index.php\/festivites\/\" target=\"_blank\" rel=\"noreferrer noopener\" aria-label=\" (s\u2019ouvre dans un nouvel onglet)\">soir\u00e9e du derby<\/a>.  <\/p>\n<\/div><\/div>\n\n\n\n<p><\/p>\n\n\n\n<p><\/p>\n\n\n\n<p>Chaque participant devra s\u2019acquitter de frais d\u2019inscription incluant un forfait journ\u00e9e station (sauf pour les d\u00e9tenteurs d\u2019un forfait saison), l&rsquo;assurance journ\u00e9e ,  la couverture des frais li\u00e9s \u00e0 l\u2019organisation et \u00e0 la s\u00e9curit\u00e9 ,  la collation du matin , le repas du midi , les podiums et la remise des prix apr\u00e8s la course ainsi qu&rsquo;une consommation sur le front de neige ou \u00e0 la <a href=\"https:\/\/derbydesvallonsdupra.fr\/index.php\/festivites\/\">soir\u00e9e d<\/a><a rel=\"noreferrer noopener\" aria-label=\" (s\u2019ouvre dans un nouvel onglet)\" href=\"https:\/\/derbydesvallonsdupra.fr\/index.php\/festivites\/\" target=\"_blank\">u derb<\/a><a href=\"https:\/\/derbydesvallonsdupra.fr\/index.php\/festivites\/\">y<\/a>.<br> <\/p>\n","protected":false},"excerpt":{"rendered":"<p>Nous organisons sur le domaine de la station des 7 Laux, Le Derby des Vallons du Pra, course de ski. La piste des vallons du Pra est situ\u00e9e sur le domaine skiable, balis\u00e9e mais non dam\u00e9e avec un d\u00e9nivel\u00e9 de pr\u00e8s de 1000 m\u00e8tres, dans un environnement exceptionnel sans remont\u00e9e m\u00e9canique, tr\u00e8s pris\u00e9e par les&hellip; <br \/> <a class=\"read-more\" href=\"https:\/\/derbydesvallonsdupra.fr\/index.php\/presentation\/\">Lire la suite<\/a><\/p>\n","protected":false},"author":1,"featured_media":0,"parent":0,"menu_order":0,"comment_status":"closed","ping_status":"closed","template":"","meta":{"footnotes":""},"class_list":["post-72","page","type-page","status-publish","hentry"],"_links":{"self":[{"href":"https:\/\/derbydesvallonsdupra.fr\/index.php\/wp-json\/wp\/v2\/pages\/72","targetHints":{"allow":["GET"]}}],"collection":[{"href":"https:\/\/derbydesvallonsdupra.fr\/index.php\/wp-json\/wp\/v2\/pages"}],"about":[{"href":"https:\/\/derbydesvallonsdupra.fr\/index.php\/wp-json\/wp\/v2\/types\/page"}],"author":[{"embeddable":true,"href":"https:\/\/derbydesvallonsdupra.fr\/index.php\/wp-json\/wp\/v2\/users\/1"}],"replies":[{"embeddable":true,"href":"https:\/\/derbydesvallonsdupra.fr\/index.php\/wp-json\/wp\/v2\/comments?post=72"}],"version-history":[{"count":37,"href":"https:\/\/derbydesvallonsdupra.fr\/index.php\/wp-json\/wp\/v2\/pages\/72\/revisions"}],"predecessor-version":[{"id":1624,"href":"https:\/\/derbydesvallonsdupra.fr\/index.php\/wp-json\/wp\/v2\/pages\/72\/revisions\/1624"}],"wp:attachment":[{"href":"https:\/\/derbydesvallonsdupra.fr\/index.php\/wp-json\/wp\/v2\/media?parent=72"}],"curies":[{"name":"wp","href":"https:\/\/api.w.org\/{rel}","templated":true}]}}