{"id":237,"date":"2019-02-25T23:44:16","date_gmt":"2019-02-25T22:44:16","guid":{"rendered":"http:\/\/derbydesvallonsdupra.fr\/?page_id=237"},"modified":"2025-01-29T16:08:46","modified_gmt":"2025-01-29T15:08:46","slug":"restaurant","status":"publish","type":"page","link":"https:\/\/derbydesvallonsdupra.fr\/index.php\/restaurant\/","title":{"rendered":"RESTAURANT"},"content":{"rendered":"<div class=\"wp-block-image\">\n<figure class=\"aligncenter\"><img fetchpriority=\"high\" decoding=\"async\" width=\"243\" height=\"240\" src=\"https:\/\/derbydesvallonsdupra.fr\/wp-content\/uploads\/2019\/02\/240_F_73903395_eT77434Y2amD6cmyYSAoBIzgKosXzcGU.jpg\" alt=\"\" class=\"wp-image-310\"\/><\/figure>\n<\/div>\n\n\n<p>Pour se requinquer apr\u00e8s la course et prendre des forces pour la soir\u00e9e du derby nous vous proposons un choix de 4 restaurants au Pleynet et 2 dans la vall\u00e9e:<\/p>\n\n\n\n<p>Au pleynet:<\/p>\n\n\n\n<p><a href=\"https:\/\/www.les7laux.com\/hiver\/offres\/restaurant-le-sainbioz-les-sept-laux-le-pleynet-fr-hiver-2646531\/\" target=\"_blank\" rel=\"noreferrer noopener\">restaurant Le sainbioz<\/a><\/p>\n\n\n\n<p><a href=\"https:\/\/www.les7laux.com\/hiver\/offres\/restaurant-les-airelles-les-sept-laux-le-pleynet-fr-hiver-2646353\/\" target=\"_blank\" rel=\"noreferrer noopener\">restaurant Les airelles<\/a><br><\/p>\n\n\n\n<p><a href=\"http:\/\/www.les7laux.com\/offres\/pizzeria-du-pra-les-sept-laux-le-pleynet-fr-hiver-2646500\/\" target=\"_blank\" rel=\"noreferrer noopener\" aria-label=\" (s\u2019ouvre dans un nouvel onglet)\">pizzeria du pra<\/a><\/p>\n\n\n\n<p><a rel=\"noreferrer noopener\" aria-label=\" (s\u2019ouvre dans un nouvel onglet)\" href=\"http:\/\/www.les7laux.com\/offres\/restaurant-creperie-la-bouriole-les-sept-laux-le-pleynet-fr-hiver-2646456\/\" target=\"_blank\">creperie la bouriole<\/a><\/p>\n\n\n\n<p>Dans la vall\u00e9e du Haut-breda:<\/p>\n\n\n\n<p><a href=\"https:\/\/www.aubergerie.com\/\" target=\"_blank\" rel=\"noreferrer noopener\">Aubergerie<\/a><\/p>\n\n\n\n<p><a href=\"https:\/\/auberge-nemoz.com\/\" target=\"_blank\" rel=\"noreferrer noopener\">Nemoz<\/a><\/p>\n","protected":false},"excerpt":{"rendered":"<p>Pour se requinquer apr\u00e8s la course et prendre des forces pour la soir\u00e9e du derby nous vous proposons un choix de 4 restaurants au Pleynet et 2 dans la vall\u00e9e: Au pleynet: restaurant Le sainbioz restaurant Les airelles pizzeria du pra creperie la bouriole Dans la vall\u00e9e du Haut-breda: Aubergerie Nemoz<\/p>\n","protected":false},"author":1,"featured_media":0,"parent":0,"menu_order":0,"comment_status":"closed","ping_status":"closed","template":"","meta":{"footnotes":""},"class_list":["post-237","page","type-page","status-publish","hentry"],"_links":{"self":[{"href":"https:\/\/derbydesvallonsdupra.fr\/index.php\/wp-json\/wp\/v2\/pages\/237","targetHints":{"allow":["GET"]}}],"collection":[{"href":"https:\/\/derbydesvallonsdupra.fr\/index.php\/wp-json\/wp\/v2\/pages"}],"about":[{"href":"https:\/\/derbydesvallonsdupra.fr\/index.php\/wp-json\/wp\/v2\/types\/page"}],"author":[{"embeddable":true,"href":"https:\/\/derbydesvallonsdupra.fr\/index.php\/wp-json\/wp\/v2\/users\/1"}],"replies":[{"embeddable":true,"href":"https:\/\/derbydesvallonsdupra.fr\/index.php\/wp-json\/wp\/v2\/comments?post=237"}],"version-history":[{"count":9,"href":"https:\/\/derbydesvallonsdupra.fr\/index.php\/wp-json\/wp\/v2\/pages\/237\/revisions"}],"predecessor-version":[{"id":1575,"href":"https:\/\/derbydesvallonsdupra.fr\/index.php\/wp-json\/wp\/v2\/pages\/237\/revisions\/1575"}],"wp:attachment":[{"href":"https:\/\/derbydesvallonsdupra.fr\/index.php\/wp-json\/wp\/v2\/media?parent=237"}],"curies":[{"name":"wp","href":"https:\/\/api.w.org\/{rel}","templated":true}]}}