{"id":126,"date":"2019-02-06T19:18:34","date_gmt":"2019-02-06T18:18:34","guid":{"rendered":"http:\/\/derbydesvallonsdupra.fr\/?page_id=126"},"modified":"2026-03-11T17:18:48","modified_gmt":"2026-03-11T16:18:48","slug":"news","status":"publish","type":"page","link":"https:\/\/derbydesvallonsdupra.fr\/index.php\/news\/","title":{"rendered":"NEWS"},"content":{"rendered":"\n<p class=\"has-large-font-size\"><strong>2026<\/strong><\/p>\n\n\n\n<p><a href=\"https:\/\/derbydesvallonsdupra.fr\/index.php\/inscription\/\">l<strong>es inscriptions sont en ligne c&rsquo;est parti !!! attention limitation a 100 personnes<\/strong><\/a><\/p>\n\n\n\n<p>Allez finalement c&rsquo;est confirm\u00e9 un petit derby en mode <strong>mass-start<\/strong> dans le <strong>plan du pra ou eveque ou vallons deuxieme entr\u00e9e.<\/strong><\/p>\n\n\n\n<p>Le 6eme derby des vallons du pra aura lieu le <strong>samedi 28 mars 2026<\/strong><\/p>\n\n\n\n<p class=\"has-large-font-size\"><strong>2025<\/strong><\/p>\n\n\n\n<p>C&rsquo;est parti pour les <a href=\"https:\/\/in.chronoconsult-inscriptions.fr\/2025-derby-des-vallons-du-pra?currentPage=select-competition\" target=\"_blank\" rel=\"noreferrer noopener\">inscriptions!!!!<\/a> go go go go!!!!<\/p>\n\n\n\n<p>Le <strong>5\u00e9me<\/strong> derby des vallons du pra aura lieu le <strong>samedi 29 mars 2025<\/strong><\/p>\n\n\n\n<p class=\"has-large-font-size\"><strong>2024<\/strong><\/p>\n\n\n\n<p><\/p>\n\n\n\n<p>Derniere minute:  Derby dans sa version originale annul\u00e9 pour les concurrents consult\u00e9s vos mails!!!!<\/p>\n\n\n\n<p>Pas trop de neige et pas de retour des vallons le derby est maintenu mais par la plan du pra jusqu&rsquo;au <br>Pleynet depart en mass start <a href=\"https:\/\/www.helloasso.com\/associations\/lakikarivenba\/evenements\/derby-des-vallons-du-pra-2024\" target=\"_blank\" rel=\"noreferrer noopener\">inscris-toi<\/a> c&rsquo;est fun!!!!<\/p>\n\n\n\n<p>Allez les inscriptions sont ouvertes let&rsquo;s go!!!!!  : <strong><a href=\"https:\/\/www.helloasso.com\/associations\/lakikarivenba\/evenements\/derby-des-vallons-du-pra-2024\" target=\"_blank\" rel=\"noreferrer noopener\">inscription<\/a><\/strong><\/p>\n\n\n\n<p>Concours pour l&rsquo;affiche du derby 2024 soyez cr\u00e9atifs et gagnez des lots et participation gratuite \u00e0 la course !!!! envoyez vous projet ou questions \u00e0    <strong>derbydesvallonsdupra@gmail.com<\/strong><\/p>\n\n\n\n<p class=\"has-medium-font-size\"><strong>Le derby 2024 quatri\u00e8me \u00e9dition est programm\u00e9 au samedi 30 mars 2024 tu fais quoi toi le 30???<\/strong><\/p>\n\n\n\n<p>restez connect\u00e9 <\/p>\n\n\n\n<p class=\"has-large-font-size\"><strong>2023<\/strong><\/p>\n\n\n\n<p>Le derby 2023 formule mass start a bien eu lieu rdv en page resultats et \u00e0 l&rsquo;ann\u00e9e prochaine!!<\/p>\n\n\n\n<p>Pas d &lsquo;annulation mais un changement de lieu et de format de course: <\/p>\n\n\n\n<p>derby en mode mass start \u00e0 la chinoise pas de chrono le premier en bas gagne. D\u00e9part plan du Pra au pleynet restez connect\u00e9<\/p>\n\n\n\n<p><\/p>\n\n\n\n<p><\/p>\n\n\n\n<p class=\"has-medium-font-size\"><strong>LE 3eme derby des vallons du pra aura lieu le samedi 25 mars 2023!!!<\/strong><\/p>\n\n\n\n<p>restez connect\u00e9<\/p>\n\n\n\n<p class=\"has-large-font-size\"><strong>2022<\/strong><\/p>\n\n\n\n<p>Le derby 2022 est termin\u00e9 nous \u00e9tions pr\u00e9s de 150 \u00e0 tenter de ne pas d\u00e9raper. Un \u00e9norme merci a nos sponsors et partenaires mais surtout a tous les b\u00e9n\u00e9voles ( environ 40!!!!) pour cette journ\u00e9e.<\/p>\n\n\n\n<p>Une grosse pens\u00e9e et du r\u00e9confort au bless\u00e9 et sa famille.<\/p>\n\n\n\n<p class=\"has-medium-font-size\"><strong>RDV EN 2023 POUR LA 3eme EDITION<\/strong> <\/p>\n\n\n\n<p><\/p>\n\n\n\n<p>#le derby est confirme rdv samedi 26 mars 8h30!!!!<\/p>\n\n\n\n<p># Le teaser 2022 est <a href=\"https:\/\/derbydesvallonsdupra.fr\/index.php\/videos-2022\/\" target=\"_blank\" rel=\"noreferrer noopener\">LLLAAAAAAAAAAA<\/a><\/p>\n\n\n\n<p># l&rsquo;affiche 2022 est dans la place va <a href=\"https:\/\/derbydesvallonsdupra.fr\/index.php\/affiche-2022\/\" target=\"_blank\" rel=\"noreferrer noopener\">l&rsquo;admirer maintenant<\/a><\/p>\n\n\n\n<p class=\"has-medium-font-size\">#LES INSCRIPTIONS 2022 SONT OUVERTES!!!   <strong><a href=\"https:\/\/www.njuko.net\/derby-vallons-pra-2022\" target=\"_blank\" rel=\"noreferrer noopener\">GO GO GO ET GO !!!<\/a><\/strong><\/p>\n\n\n\n<p><\/p>\n\n\n\n<figure class=\"wp-block-image size-large\"><a href=\"http:\/\/www.tropheedesderbys.com\/\" target=\"_blank\" rel=\"noopener\"><img fetchpriority=\"high\" decoding=\"async\" width=\"1024\" height=\"194\" src=\"https:\/\/derbydesvallonsdupra.fr\/wp-content\/uploads\/2021\/12\/7153_8613-1-1024x194.jpg\" alt=\"\" class=\"wp-image-791\" srcset=\"https:\/\/derbydesvallonsdupra.fr\/wp-content\/uploads\/2021\/12\/7153_8613-1-1024x194.jpg 1024w, https:\/\/derbydesvallonsdupra.fr\/wp-content\/uploads\/2021\/12\/7153_8613-1-300x57.jpg 300w, https:\/\/derbydesvallonsdupra.fr\/wp-content\/uploads\/2021\/12\/7153_8613-1-768x145.jpg 768w, https:\/\/derbydesvallonsdupra.fr\/wp-content\/uploads\/2021\/12\/7153_8613-1.jpg 1136w\" sizes=\"(max-width: 1024px) 100vw, 1024px\" \/><\/a><\/figure>\n\n\n\n<p>#LE DERBY FAIT DESORMAIS PARTIE DU TROPHEE DES DERBYS <\/p>\n\n\n\n<figure class=\"wp-block-image size-large\"><img decoding=\"async\" width=\"1024\" height=\"888\" src=\"https:\/\/derbydesvallonsdupra.fr\/wp-content\/uploads\/2021\/11\/acceuil-2022-2-e1638174581101-1024x888.jpg\" alt=\"\" class=\"wp-image-696\" srcset=\"https:\/\/derbydesvallonsdupra.fr\/wp-content\/uploads\/2021\/11\/acceuil-2022-2-e1638174581101-1024x888.jpg 1024w, https:\/\/derbydesvallonsdupra.fr\/wp-content\/uploads\/2021\/11\/acceuil-2022-2-e1638174581101-300x260.jpg 300w, https:\/\/derbydesvallonsdupra.fr\/wp-content\/uploads\/2021\/11\/acceuil-2022-2-e1638174581101-768x666.jpg 768w, https:\/\/derbydesvallonsdupra.fr\/wp-content\/uploads\/2021\/11\/acceuil-2022-2-e1638174581101-1536x1332.jpg 1536w, https:\/\/derbydesvallonsdupra.fr\/wp-content\/uploads\/2021\/11\/acceuil-2022-2-e1638174581101-1245x1080.jpg 1245w, https:\/\/derbydesvallonsdupra.fr\/wp-content\/uploads\/2021\/11\/acceuil-2022-2-e1638174581101.jpg 1597w\" sizes=\"(max-width: 1024px) 100vw, 1024px\" \/><\/figure>\n\n\n\n<p># LE DERBY SERA DE RETOUR LE 26 MARS <\/p>\n\n\n\n<p class=\"has-large-font-size\"><strong>2021<\/strong><\/p>\n\n\n\n<p># <a href=\"https:\/\/www.youtube.com\/watch?v=wyKvFCgRNzA&amp;t=5s\" target=\"_blank\" rel=\"noreferrer noopener\" aria-label=\"PAS DE STATION PAS DE DERBY MERCI AU TELESKI C15 (s\u2019ouvre dans un nouvel onglet)\">PAS DE STATION PAS DE DERBY MERCI AU TELESKI C15<\/a><\/p>\n\n\n\n<p class=\"has-large-font-size\"><strong>2020<\/strong><\/p>\n\n\n\n<p class=\"has-very-dark-gray-color has-text-color has-medium-font-size\"> <strong>#Station ferm\u00e9 derby annul\u00e9 merci a nos partenaires, sponsors et aux b\u00e9n\u00e9voles. Pour les inscrits vous serez rembourser les modalit\u00e9s suivront. A l&rsquo;ann\u00e9e prochaine ou pas. <\/strong><\/p>\n\n\n\n<p># Les inscriptions 2020 sont en ligne <strong><a href=\"https:\/\/www.njuko.net\/derby-vallons-pra-2020\" target=\"_blank\" rel=\"noreferrer noopener\" aria-label=\"GO GO GO (s\u2019ouvre dans un nouvel onglet)\">GO GO GO<\/a><\/strong> <\/p>\n\n\n\n<p># La 2\u00e9me \u00e9dition du derby des vallons du Pra est confirm\u00e9e . Elle aura lieu le samedi 28 mars 2020!!!!  <\/p>\n\n\n\n<p class=\"has-large-font-size\"><strong>2019<\/strong><\/p>\n\n\n\n<p># La premi\u00e8re \u00e9dition est morte vive la 2\u00e9me. Vous \u00e9tiez 146, soit le 2\u00e9me derby  derri\u00e8re la Meije en nombre de concurrents chronom\u00e9tr\u00e9s . Participants, spectateurs, amis, familles d&rsquo;abord merci et si vous avez des commentaires, avis, remarques sur l&rsquo;organisation ou le d\u00e9roulement de la journ\u00e9e n\u2019h\u00e9sitez pas \u00e0 nous en faire part sur notre mail: contact@derbydesvallonsdupra.fr . Et vu que nous avions pas de b\u00e9n\u00e9voles attitr\u00e9s pour les photos et vid\u00e9os (on a rien) si vous pouvez nous les envoyer sur la m\u00eame adresse. Un coucou aux deux bless\u00e9s de la reco (\u00e9paule et clavicule) et un \u00e9norme MERCI aux b\u00e9n\u00e9voles (35) Merci a tous nos partenaires et sponsors.N&rsquo;oubliez pas que \u00ab\u00a0si tu d\u00e9rapes on te rattrape\u00a0\u00bb A bient\u00f4t. <\/p>\n\n\n\n<p># Derby confirm\u00e9 YOUPI pour les concurrents pensez \u00e0 regarder vos mails. Pour les familles, amis, habitu\u00e9s, curieux venez voir la course, faire un tour sur le front de neige ou pas?!<br><\/p>\n\n\n\n<p># Et hop une nouvelle vid\u00e9o \u00e0 d\u00e9couvrir <a href=\"https:\/\/derbydesvallonsdupra.fr\/index.php\/video\/\" target=\"_blank\" rel=\"noreferrer noopener\" aria-label=\"tu fais quoi le 30 mars??? (s\u2019ouvre dans un nouvel onglet)\">tu fais quoi le 30 mars???<\/a><\/p>\n\n\n\n<p class=\"has-text-align-left\"># Les inscriptions sont en ligne <a href=\"https:\/\/derbydesvallonsdupra.fr\/index.php\/inscription\/\" target=\"_blank\" rel=\"noreferrer noopener\" aria-label=\"GO GO GO (s\u2019ouvre dans un nouvel onglet)\">GO GO GO<\/a><\/p>\n\n\n\n<p class=\"has-text-align-left\"># <a href=\"https:\/\/derbydesvallonsdupra.fr\/index.php\/affiche-2019\/\" target=\"_blank\" rel=\"noreferrer noopener\" aria-label=\"L' affiche (s\u2019ouvre dans un nouvel onglet)\">L&rsquo; affiche<\/a> est fraichement imprim\u00e9e merci daniel<br><\/p>\n\n\n\n<div class=\"wp-block-media-text alignwide is-stacked-on-mobile\"><figure class=\"wp-block-media-text__media\"><img decoding=\"async\" width=\"1024\" height=\"576\" src=\"https:\/\/derbydesvallonsdupra.fr\/wp-content\/uploads\/2019\/03\/20190304_184120-1024x576.jpg\" alt=\"\" class=\"wp-image-405 size-full\" srcset=\"https:\/\/derbydesvallonsdupra.fr\/wp-content\/uploads\/2019\/03\/20190304_184120-1024x576.jpg 1024w, https:\/\/derbydesvallonsdupra.fr\/wp-content\/uploads\/2019\/03\/20190304_184120-300x169.jpg 300w, https:\/\/derbydesvallonsdupra.fr\/wp-content\/uploads\/2019\/03\/20190304_184120-768x432.jpg 768w, https:\/\/derbydesvallonsdupra.fr\/wp-content\/uploads\/2019\/03\/20190304_184120.jpg 1080w\" sizes=\"(max-width: 1024px) 100vw, 1024px\" \/><\/figure><div class=\"wp-block-media-text__content\">\n<p class=\"has-text-align-center has-large-font-size\">les stickers sont arriv\u00e9s !!!<\/p>\n<\/div><\/div>\n\n\n\n<p><\/p>\n\n\n\n<p><\/p>\n\n\n\n<p><\/p>\n","protected":false},"excerpt":{"rendered":"<p>2026 les inscriptions sont en ligne c&rsquo;est parti !!! attention limitation a 100 personnes Allez finalement c&rsquo;est confirm\u00e9 un petit derby en mode mass-start dans le plan du pra ou eveque ou vallons deuxieme entr\u00e9e. Le 6eme derby des vallons du pra aura lieu le samedi 28 mars 2026 2025 C&rsquo;est parti pour les inscriptions!!!!&hellip; <br \/> <a class=\"read-more\" href=\"https:\/\/derbydesvallonsdupra.fr\/index.php\/news\/\">Lire la suite<\/a><\/p>\n","protected":false},"author":1,"featured_media":0,"parent":0,"menu_order":0,"comment_status":"closed","ping_status":"closed","template":"","meta":{"footnotes":""},"class_list":["post-126","page","type-page","status-publish","hentry"],"_links":{"self":[{"href":"https:\/\/derbydesvallonsdupra.fr\/index.php\/wp-json\/wp\/v2\/pages\/126","targetHints":{"allow":["GET"]}}],"collection":[{"href":"https:\/\/derbydesvallonsdupra.fr\/index.php\/wp-json\/wp\/v2\/pages"}],"about":[{"href":"https:\/\/derbydesvallonsdupra.fr\/index.php\/wp-json\/wp\/v2\/types\/page"}],"author":[{"embeddable":true,"href":"https:\/\/derbydesvallonsdupra.fr\/index.php\/wp-json\/wp\/v2\/users\/1"}],"replies":[{"embeddable":true,"href":"https:\/\/derbydesvallonsdupra.fr\/index.php\/wp-json\/wp\/v2\/comments?post=126"}],"version-history":[{"count":38,"href":"https:\/\/derbydesvallonsdupra.fr\/index.php\/wp-json\/wp\/v2\/pages\/126\/revisions"}],"predecessor-version":[{"id":1642,"href":"https:\/\/derbydesvallonsdupra.fr\/index.php\/wp-json\/wp\/v2\/pages\/126\/revisions\/1642"}],"wp:attachment":[{"href":"https:\/\/derbydesvallonsdupra.fr\/index.php\/wp-json\/wp\/v2\/media?parent=126"}],"curies":[{"name":"wp","href":"https:\/\/api.w.org\/{rel}","templated":true}]}}